{"id":836,"date":"2020-06-07T05:48:24","date_gmt":"2020-06-07T05:48:24","guid":{"rendered":"https:\/\/agroelsagrado.com?page_id=836"},"modified":"2024-10-15T00:22:45","modified_gmt":"2024-10-15T00:22:45","slug":"nosotros","status":"publish","type":"page","link":"https:\/\/agroelsagrado.com\/?page_id=836","title":{"rendered":"Nosotros"},"content":{"rendered":"\t\t<div data-elementor-type=\"wp-page\" data-elementor-id=\"836\" class=\"elementor elementor-836\">\n\t\t\t\t\t\t\t\t\t<section class=\"elementor-section elementor-top-section elementor-element elementor-element-b4e6b09 elementor-section-boxed elementor-section-height-default elementor-section-height-default\" data-id=\"b4e6b09\" data-element_type=\"section\">\n\t\t\t\t\t\t<div class=\"elementor-container elementor-column-gap-wide\">\n\t\t\t\t\t<div class=\"elementor-column elementor-col-66 elementor-top-column elementor-element elementor-element-745d4c1\" data-id=\"745d4c1\" data-element_type=\"column\">\n\t\t\t<div class=\"elementor-widget-wrap elementor-element-populated\">\n\t\t\t\t\t\t\t\t<div class=\"elementor-element elementor-element-829a40f elementor-widget elementor-widget-heading\" data-id=\"829a40f\" data-element_type=\"widget\" data-widget_type=\"heading.default\">\n\t\t\t\t<div class=\"elementor-widget-container\">\n\t\t\t<style>\/*! elementor - v3.6.7 - 03-07-2022 *\/\n.elementor-heading-title{padding:0;margin:0;line-height:1}.elementor-widget-heading .elementor-heading-title[class*=elementor-size-]>a{color:inherit;font-size:inherit;line-height:inherit}.elementor-widget-heading .elementor-heading-title.elementor-size-small{font-size:15px}.elementor-widget-heading .elementor-heading-title.elementor-size-medium{font-size:19px}.elementor-widget-heading .elementor-heading-title.elementor-size-large{font-size:29px}.elementor-widget-heading .elementor-heading-title.elementor-size-xl{font-size:39px}.elementor-widget-heading .elementor-heading-title.elementor-size-xxl{font-size:59px}<\/style><h2 class=\"elementor-heading-title elementor-size-default\">Bienvenidos<\/h2>\t\t<\/div>\n\t\t\t\t<\/div>\n\t\t\t\t<div class=\"elementor-element elementor-element-f1816d4 elementor-widget elementor-widget-text-editor\" data-id=\"f1816d4\" data-element_type=\"widget\" data-widget_type=\"text-editor.default\">\n\t\t\t\t<div class=\"elementor-widget-container\">\n\t\t\t<style>\/*! elementor - v3.6.7 - 03-07-2022 *\/\n.elementor-widget-text-editor.elementor-drop-cap-view-stacked .elementor-drop-cap{background-color:#818a91;color:#fff}.elementor-widget-text-editor.elementor-drop-cap-view-framed .elementor-drop-cap{color:#818a91;border:3px solid;background-color:transparent}.elementor-widget-text-editor:not(.elementor-drop-cap-view-default) .elementor-drop-cap{margin-top:8px}.elementor-widget-text-editor:not(.elementor-drop-cap-view-default) .elementor-drop-cap-letter{width:1em;height:1em}.elementor-widget-text-editor .elementor-drop-cap{float:left;text-align:center;line-height:1;font-size:50px}.elementor-widget-text-editor .elementor-drop-cap-letter{display:inline-block}<\/style>\t\t\t\t<div class=\"dark-text\">Somos una empresa agr\u00edcola familiar con 15 a\u00f1os de experiencia en la producci\u00f3n y comercializaci\u00f3n de hortalizas de exportaci\u00f3n de primera calidad, cultivamos cualquier tipo de hortalizas org\u00e1nicas y convencionales, todo lo ofrecemos con gran confiabilidad en los procesos de siembra, cultivo y cosecha.<\/div><div class=\"text\">\u00a0<\/div>\t\t\t\t\t\t<\/div>\n\t\t\t\t<\/div>\n\t\t\t\t\t<\/div>\n\t\t<\/div>\n\t\t\t\t<div class=\"elementor-column elementor-col-33 elementor-top-column elementor-element elementor-element-677b434\" data-id=\"677b434\" data-element_type=\"column\">\n\t\t\t<div class=\"elementor-widget-wrap elementor-element-populated\">\n\t\t\t\t\t\t\t\t<div class=\"elementor-element elementor-element-b81588c elementor-widget elementor-widget-spacer\" data-id=\"b81588c\" data-element_type=\"widget\" data-widget_type=\"spacer.default\">\n\t\t\t\t<div class=\"elementor-widget-container\">\n\t\t\t<style>\/*! elementor - v3.6.7 - 03-07-2022 *\/\n.e-container.e-container--row .elementor-spacer-inner{width:var(--spacer-size)}.e-container.e-container--column .elementor-spacer-inner,.elementor-column .elementor-spacer-inner{height:var(--spacer-size)}<\/style>\t\t<div class=\"elementor-spacer\">\n\t\t\t<div class=\"elementor-spacer-inner\"><\/div>\n\t\t<\/div>\n\t\t\t\t<\/div>\n\t\t\t\t<\/div>\n\t\t\t\t<div class=\"elementor-element elementor-element-5ed0fe1 elementor-widget elementor-widget-image\" data-id=\"5ed0fe1\" data-element_type=\"widget\" data-widget_type=\"image.default\">\n\t\t\t\t<div class=\"elementor-widget-container\">\n\t\t\t<style>\/*! elementor - v3.6.7 - 03-07-2022 *\/\n.elementor-widget-image{text-align:center}.elementor-widget-image a{display:inline-block}.elementor-widget-image a img[src$=\".svg\"]{width:48px}.elementor-widget-image img{vertical-align:middle;display:inline-block}<\/style>\t\t\t\t\t\t\t\t\t\t\t\t<img loading=\"lazy\" decoding=\"async\" width=\"900\" height=\"600\" src=\"https:\/\/agroelsagrado.com\/wp-content\/uploads\/2022\/07\/corn-on-the-stalk-ready-to-harvest-in-the-field-1.jpg\" class=\"elementor-animation-sink attachment-large size-large\" alt=\"\" \/>\t\t\t\t\t\t\t\t\t\t\t\t\t\t\t<\/div>\n\t\t\t\t<\/div>\n\t\t\t\t\t<\/div>\n\t\t<\/div>\n\t\t\t\t\t\t\t<\/div>\n\t\t<\/section>\n\t\t\t\t<section class=\"elementor-section elementor-top-section elementor-element elementor-element-e9f1646 elementor-section-stretched elementor-section-full_width elementor-hidden-desktop elementor-hidden-tablet elementor-hidden-mobile elementor-section-height-default elementor-section-height-default\" data-id=\"e9f1646\" data-element_type=\"section\" data-settings=\"{&quot;stretch_section&quot;:&quot;section-stretched&quot;}\">\n\t\t\t\t\t\t<div class=\"elementor-container elementor-column-gap-no\">\n\t\t\t\t\t<div class=\"elementor-column elementor-col-100 elementor-top-column elementor-element elementor-element-9a8f0ff\" data-id=\"9a8f0ff\" data-element_type=\"column\">\n\t\t\t<div class=\"elementor-widget-wrap elementor-element-populated\">\n\t\t\t\t\t\t\t\t<div class=\"elementor-element elementor-element-044c3ae elementor-widget elementor-widget-leganic_testimonial\" data-id=\"044c3ae\" data-element_type=\"widget\" data-widget_type=\"leganic_testimonial.default\">\n\t\t\t\t<div class=\"elementor-widget-container\">\n\t\t\t\t\t<section class=\"testimonial-section \n\t\t\t\t\t\t\t\t\t\t\t\t\t\" style=\"background-image:url(https:\/\/agroelsagrado.com\/wp-content\/uploads\/2020\/06\/2.jpg);\">\n\t\t\t\t\t\t<div class=\"auto-container\">\n\t\t\t\t<div class=\"themeactive-carousel owl-carousel owl-theme\" data-options='{\"loop\": true, \"margin\": 0, \"autoheight\":true, \"lazyload\":true, \"nav\": true, \"dots\": true, \"autoplay\": true, \"autoplayTimeout\": 6000, \"smartSpeed\": 300, \"responsive\":{ \"0\" :{ \"items\": \"1\" }, \"768\" :{ \"items\" : \"1\" } , \"1000\":{ \"items\" : \"1\" }}}'>\n\n\t\t\t\t\t\t\t\t\t\t <div class=\"testimonial-block\">\n\t\t\t\t\t\t\t<div class=\"inner-box\">\n\t\t\t\t\t\t\t\t<div class=\"image\">\n\t\t\t\t\t\t\t\t\t<img decoding=\"async\" src=\"https:\/\/agroelsagrado.com\/wp-content\/uploads\/2020\/06\/author-1.jpg\" title=\"author-1\" alt=\"author-1\" \/>\t\t\t\t\t\t\t\t<\/div>\n\t\t\t\t\t\t\t\t<div class=\"text\"><span class=\"quote-icon flaticon-left-quote\"><\/span> Mardi Gras gumbo Lafayette zydeco bonjour lagniappe canaille bread pudding Lafayette. Trail ride bayou zydeco boiled crawfish trail ride turducken. Sauce piquante fried catfish Thibideaux praline Acadiana hot sauce Thibideaux crawfish. Boudin food Lafayette fried catfish bread pudding bread pudding fried chicken coffee.<span class=\"quote-icon flaticon-right-quotation-sign\"><\/span><\/div>\n\t\t\t\t\t\t\t\t<h3 class=\"heading_class\">Jhon Doe<\/h3>\t\t\t\t\t\t\t\t\t\t\t\t\t\t\t\t\t<div class=\"author-post\">Empresa<\/div>\n\t\t\t\t\t\t\t\t\t\t\t\t\t\t\t<\/div>\n\t\t\t\t\t\t<\/div> \t\t\t\t\t <div class=\"testimonial-block\">\n\t\t\t\t\t\t\t<div class=\"inner-box\">\n\t\t\t\t\t\t\t\t<div class=\"image\">\n\t\t\t\t\t\t\t\t\t<img decoding=\"async\" src=\"https:\/\/agroelsagrado.com\/wp-content\/uploads\/2020\/06\/author-1.jpg\" title=\"author-1\" alt=\"author-1\" \/>\t\t\t\t\t\t\t\t<\/div>\n\t\t\t\t\t\t\t\t<div class=\"text\"><span class=\"quote-icon flaticon-left-quote\"><\/span> Mardi Gras gumbo Lafayette zydeco bonjour lagniappe canaille bread pudding Lafayette. Trail ride bayou zydeco boiled crawfish trail ride turducken. Sauce piquante fried catfish Thibideaux praline Acadiana hot sauce Thibideaux crawfish. Boudin food Lafayette fried catfish bread pudding bread pudding fried chicken coffee.<span class=\"quote-icon flaticon-right-quotation-sign\"><\/span><\/div>\n\t\t\t\t\t\t\t\t<h3 class=\"heading_class heading_class\">Jhon Doe<\/h3>\t\t\t\t\t\t\t\t\t\t\t\t\t\t\t\t\t<div class=\"author-post\">Empresa<\/div>\n\t\t\t\t\t\t\t\t\t\t\t\t\t\t\t<\/div>\n\t\t\t\t\t\t<\/div> \t\t\t\t\t <div class=\"testimonial-block\">\n\t\t\t\t\t\t\t<div class=\"inner-box\">\n\t\t\t\t\t\t\t\t<div class=\"image\">\n\t\t\t\t\t\t\t\t\t<img decoding=\"async\" src=\"https:\/\/agroelsagrado.com\/wp-content\/uploads\/2020\/06\/author-1.jpg\" title=\"author-1\" alt=\"author-1\" \/>\t\t\t\t\t\t\t\t<\/div>\n\t\t\t\t\t\t\t\t<div class=\"text\"><span class=\"quote-icon flaticon-left-quote\"><\/span> Mardi Gras gumbo Lafayette zydeco bonjour lagniappe canaille bread pudding Lafayette. Trail ride bayou zydeco boiled crawfish trail ride turducken. Sauce piquante fried catfish Thibideaux praline Acadiana hot sauce Thibideaux crawfish. Boudin food Lafayette fried catfish bread pudding bread pudding fried chicken coffee.<span class=\"quote-icon flaticon-right-quotation-sign\"><\/span><\/div>\n\t\t\t\t\t\t\t\t<h3 class=\"heading_class heading_class heading_class\">Jhon Doe<\/h3>\t\t\t\t\t\t\t\t\t\t\t\t\t\t\t\t\t<div class=\"author-post\">Empresa<\/div>\n\t\t\t\t\t\t\t\t\t\t\t\t\t\t\t<\/div>\n\t\t\t\t\t\t<\/div> \t\t\t\t<\/div>\n\t\t\t<\/div>\n\t\t<\/section>\n\n\t\t\t\t<\/div>\n\t\t\t\t<\/div>\n\t\t\t\t\t<\/div>\n\t\t<\/div>\n\t\t\t\t\t\t\t<\/div>\n\t\t<\/section>\n\t\t\t\t<section class=\"elementor-section elementor-top-section elementor-element elementor-element-7ab2179 elementor-section-stretched elementor-section-full_width elementor-section-height-default elementor-section-height-default\" data-id=\"7ab2179\" data-element_type=\"section\" data-settings=\"{&quot;stretch_section&quot;:&quot;section-stretched&quot;}\">\n\t\t\t\t\t\t<div class=\"elementor-container elementor-column-gap-no\">\n\t\t\t\t\t<div class=\"elementor-column elementor-col-100 elementor-top-column elementor-element elementor-element-8c05349\" data-id=\"8c05349\" data-element_type=\"column\">\n\t\t\t<div class=\"elementor-widget-wrap elementor-element-populated\">\n\t\t\t\t\t\t\t\t<div class=\"elementor-element elementor-element-5b3a495 elementor-widget elementor-widget-why_choose_us_two\" data-id=\"5b3a495\" data-element_type=\"widget\" data-widget_type=\"why_choose_us_two.default\">\n\t\t\t\t<div class=\"elementor-widget-container\">\n\t\t\t\t\t<section class=\"why-choose-us-section-two\">\n\t\t\t<div class=\"auto-container\">\n\t\t\t\t<div class=\"row\">\n\t\t\t\t\t<div class=\"col-lg-5\">\n\t\t\t\t\t\t<!--Sec Title-->\n\t\t\t\t\t\t<div class=\"sec-title\">\n\t\t\t\t\t\t\t<div class=\"icon-box\"><img decoding=\"async\" src=\"https:\/\/agroelsagrado.com\/wp-content\/uploads\/2020\/06\/icon-1.png\" title=\"icon-1\" alt=\"icon-1\" \/><\/div>\n\t\t\t\t\t\t\t<h1 class=\"title_class_underline\"><span>Razones para trabajar <\/span> <br>con nosotros<\/h1>\t\t\t\t\t\t\t<div class=\"text\">Somos una empresa con m\u00e1s de 15 a\u00f1os de experiencia en la producci\u00f3n y comercializaci\u00f3n de hortalizas de exportaci\u00f3n de primera calidad. <\/div>\n\t\t\t\t\t\t<\/div>\n\t\t\t\t\t\t\t\t\t\t\t\t <div class=\"why-choose-block-two\">\n\t\t\t\t\t\t\t\t<div class=\"icon-box wow zoomIn\" data-wow-delay=\"500ms\" data-wow-duration=\"1500ms\"><img decoding=\"async\" src=\"https:\/\/agroelsagrado.com\/wp-content\/uploads\/2022\/07\/icono-calidad-1.png\" title=\"icono-calidad\" alt=\"icono-calidad\" \/><\/div>\n\t\t\t\t\t\t\t\t<h4 class=\"title_class_underline2\">Calidad y exportaci\u00f3n<\/h4>\t\t\t\t\t\t\t\t<div class=\"text\">Brindamos la mejor calidad de vegetales con calidad de exportaci\u00f3n ya que nos procesos son bien establecidos par a una vida de anaquel extendida y estricta.<\/div>\n\t\t\t\t\t\t\t<\/div> \t\t\t\t\t\t <div class=\"why-choose-block-two\">\n\t\t\t\t\t\t\t\t<div class=\"icon-box wow zoomIn\" data-wow-delay=\"500ms\" data-wow-duration=\"1500ms\"><img decoding=\"async\" src=\"https:\/\/agroelsagrado.com\/wp-content\/uploads\/2022\/07\/icono-tecnologia-1.png\" title=\"icono-tecnolog\u00eda\" alt=\"icono-tecnolog\u00eda\" \/><\/div>\n\t\t\t\t\t\t\t\t<h4 class=\"title_class_underline2 title_class_underline2\">Tecnolog\u00eda y eficiencia<\/h4>\t\t\t\t\t\t\t\t<div class=\"text\">Tenemos gran variedad de productos y siempre estamos abiertos a cultivar nuevos vegetales .<\/div>\n\t\t\t\t\t\t\t<\/div> \t\t\t\t\t\t <div class=\"why-choose-block-two\">\n\t\t\t\t\t\t\t\t<div class=\"icon-box wow zoomIn\" data-wow-delay=\"500ms\" data-wow-duration=\"1500ms\"><img decoding=\"async\" src=\"https:\/\/agroelsagrado.com\/wp-content\/uploads\/2022\/07\/icono-medio-ambiente-1.png\" title=\"icono-medio-ambiente\" alt=\"icono-medio-ambiente\" \/><\/div>\n\t\t\t\t\t\t\t\t<h4 class=\"title_class_underline2 title_class_underline2 title_class_underline2\">Comprometidos con ambiente<\/h4>\t\t\t\t\t\t\t\t<div class=\"text\">Estamos muy comprometidos con el medio ambiente cuidando el uso de agua, manteniendo la vida del suelo mexicano y manteniendo un buen ambiente biol\u00f3gico<\/div>\n\t\t\t\t\t\t\t<\/div> \t\t\t\t\t<\/div>\n\t\t\t\t\t<div class=\"col-lg-7\">\n\t\t\t\t\t\t<div class=\"shape-1\"><\/div>\n\t\t\t\t\t\t<div class=\"shape-2\"><\/div>\n\t\t\t\t\t\t<div class=\"image-box\"><img decoding=\"async\" src=\"https:\/\/agroelsagrado.com\/wp-content\/uploads\/2022\/07\/hoja-home.png\" title=\"hoja home\" alt=\"hoja home\" \/><\/div>\n\t\t\t\t\t<\/div>\n\t\t\t\t<\/div>\n\t\t\t<\/div>\n\t\t<\/section> \n\t\t\t\t<\/div>\n\t\t\t\t<\/div>\n\t\t\t\t\t<\/div>\n\t\t<\/div>\n\t\t\t\t\t\t\t<\/div>\n\t\t<\/section>\n\t\t\t\t\t\t\t<\/div>\n\t\t","protected":false},"excerpt":{"rendered":"<p>Bienvenidos Somos una empresa agr\u00edcola familiar con 15 a\u00f1os de experiencia en la producci\u00f3n y comercializaci\u00f3n de hortalizas de exportaci\u00f3n de primera calidad, cultivamos cualquier tipo de hortalizas org\u00e1nicas y convencionales, todo lo ofrecemos con gran confiabilidad en los procesos de siembra, cultivo y cosecha.\u00a0 Mardi Gras gumbo Lafayette zydeco bonjour lagniappe canaille bread pudding [&hellip;]<\/p>\n","protected":false},"author":1,"featured_media":1251,"parent":0,"menu_order":0,"comment_status":"closed","ping_status":"closed","template":"elementor_header_footer","meta":{"_joinchat":[],"footnotes":""},"class_list":["post-836","page","type-page","status-publish","has-post-thumbnail","hentry"],"_links":{"self":[{"href":"https:\/\/agroelsagrado.com\/index.php?rest_route=\/wp\/v2\/pages\/836","targetHints":{"allow":["GET"]}}],"collection":[{"href":"https:\/\/agroelsagrado.com\/index.php?rest_route=\/wp\/v2\/pages"}],"about":[{"href":"https:\/\/agroelsagrado.com\/index.php?rest_route=\/wp\/v2\/types\/page"}],"author":[{"embeddable":true,"href":"https:\/\/agroelsagrado.com\/index.php?rest_route=\/wp\/v2\/users\/1"}],"replies":[{"embeddable":true,"href":"https:\/\/agroelsagrado.com\/index.php?rest_route=%2Fwp%2Fv2%2Fcomments&post=836"}],"version-history":[{"count":34,"href":"https:\/\/agroelsagrado.com\/index.php?rest_route=\/wp\/v2\/pages\/836\/revisions"}],"predecessor-version":[{"id":1541,"href":"https:\/\/agroelsagrado.com\/index.php?rest_route=\/wp\/v2\/pages\/836\/revisions\/1541"}],"wp:featuredmedia":[{"embeddable":true,"href":"https:\/\/agroelsagrado.com\/index.php?rest_route=\/wp\/v2\/media\/1251"}],"wp:attachment":[{"href":"https:\/\/agroelsagrado.com\/index.php?rest_route=%2Fwp%2Fv2%2Fmedia&parent=836"}],"curies":[{"name":"wp","href":"https:\/\/api.w.org\/{rel}","templated":true}]}}